{"id":527,"date":"2024-08-15T12:47:14","date_gmt":"2024-08-15T10:47:14","guid":{"rendered":"https:\/\/pathargan.com\/?page_id=527"},"modified":"2024-08-15T13:22:19","modified_gmt":"2024-08-15T11:22:19","slug":"guitar-lessons","status":"publish","type":"page","link":"https:\/\/pathargan.com\/fr\/guitar-lessons\/","title":{"rendered":"Cours de guitare"},"content":{"rendered":"<p>J'enseigne la guitare depuis une vingtaine d'ann\u00e9es, et je propose des cours en pr\u00e9sentiel ou \u00e0 distance via Zoom. Je donne des cours sur Zoom depuis le d\u00e9but de la pand\u00e9mie de Covid, et cela fonctionne plut\u00f4t bien. <\/p>\n\n\n\n<p>Je suis un guitariste tr\u00e8s exp\u00e9riment\u00e9, ayant jou\u00e9 dans toutes sortes de styles et de groupes au cours des trois derni\u00e8res d\u00e9cennies, y compris la musique classique, folk, blues, rock et traditionnelle. Vous pouvez voir quelques exemples de mon propre jeu sur ma page <a href=\"https:\/\/pathargan.com\/fr\/videos\/\" data-type=\"page\" data-id=\"113\">Vid\u00e9o<\/a> Je suis titulaire d'un dipl\u00f4me d'enseignement de l'Associated Board of the Royal Schools of Music de Londres (DipABRSM).<\/p>\n\n\n\n<p>Mes frais actuels (\u00e0 partir de l'automne 2024) sont de \u20ac22 par cours d'une demi-heure. Je prends des \u00e9l\u00e8ves \u00e0 partir de huit ans, mais beaucoup de mes \u00e9l\u00e8ves ont la soixantaine et plus (on n'est jamais trop vieux pour apprendre un instrument de musique !) Les d\u00e9butants sont les bienvenus.<\/p>\n\n\n\n<p>Tout ce dont vous avez besoin pour commencer, c'est d'une guitare et de la d\u00e9termination d'apprendre. La plupart du travail d'apprentissage d'un instrument se fait en pratique quotidienne priv\u00e9e, vous devez donc \u00eatre pr\u00eat \u00e0 trouver 20 minutes par jour pour pratiquer afin de progresser. <\/p>\n\n\n\n<p>Si vous \u00eates int\u00e9ress\u00e9 \u00e0 prendre des cours, envoyez-moi simplement un message via ma page de contact, et nous pourrons organiser une r\u00e9union d'introduction gratuite o\u00f9 nous pourrons discuter de vos objectifs et \u00e9laborer un plan. J'ai h\u00e2te de vous aider \u00e0 atteindre vos objectifs musicaux !<\/p>","protected":false},"excerpt":{"rendered":"<p>I have been teaching guitar for about twenty years, and I offer lessons in person or remotely via Zoom. I&hellip;<\/p>","protected":false},"author":1,"featured_media":0,"parent":0,"menu_order":0,"comment_status":"closed","ping_status":"closed","template":"","meta":{"footnotes":""},"class_list":["post-527","page","type-page","status-publish","hentry"],"_links":{"self":[{"href":"https:\/\/pathargan.com\/fr\/wp-json\/wp\/v2\/pages\/527","targetHints":{"allow":["GET"]}}],"collection":[{"href":"https:\/\/pathargan.com\/fr\/wp-json\/wp\/v2\/pages"}],"about":[{"href":"https:\/\/pathargan.com\/fr\/wp-json\/wp\/v2\/types\/page"}],"author":[{"embeddable":true,"href":"https:\/\/pathargan.com\/fr\/wp-json\/wp\/v2\/users\/1"}],"replies":[{"embeddable":true,"href":"https:\/\/pathargan.com\/fr\/wp-json\/wp\/v2\/comments?post=527"}],"version-history":[{"count":14,"href":"https:\/\/pathargan.com\/fr\/wp-json\/wp\/v2\/pages\/527\/revisions"}],"predecessor-version":[{"id":543,"href":"https:\/\/pathargan.com\/fr\/wp-json\/wp\/v2\/pages\/527\/revisions\/543"}],"wp:attachment":[{"href":"https:\/\/pathargan.com\/fr\/wp-json\/wp\/v2\/media?parent=527"}],"curies":[{"name":"wp","href":"https:\/\/api.w.org\/{rel}","templated":true}]}}