{"id":435,"date":"2023-09-18T15:13:30","date_gmt":"2023-09-18T13:13:30","guid":{"rendered":"http:\/\/pathargan.com\/?page_id=435"},"modified":"2025-10-24T17:18:56","modified_gmt":"2025-10-24T15:18:56","slug":"testimonials","status":"publish","type":"page","link":"https:\/\/pathargan.com\/fr\/testimonials\/","title":{"rendered":"Recommandations"},"content":{"rendered":"<blockquote class=\"wp-block-quote is-layout-flow wp-block-quote-is-layout-flow\">\n<p>Thanks for everything last week. We all loved the music \u2013 you guys were amazing. I have asked our wedding planner to pass on your details to any Irish couples. Thanks again, and if you are ever in Ireland I owe you a few pints.<\/p>\n<cite>Jack &amp; Katie, wedding day-after party, Ch\u00e2teau de la Valouze, Dordogne, September 2025<\/cite><\/blockquote>\n\n\n\n<blockquote class=\"wp-block-quote is-layout-flow wp-block-quote-is-layout-flow\">\n<p>Pat a jou\u00e9 pour notre vin d'honneur et nous le recommanderions fortement. Sa liste de chansons \u00e9tait impeccable et a fait tout le monde chanter, ce qui \u00e9tait un super d\u00e9but \u00e0 notre r\u00e9ception de mariage. Il \u00e9tait tr\u00e8s flexible et s'est facilement accommod\u00e9 d'un retard d\u00fb \u00e0 la pluie. Pat, merci beaucoup d'avoir jou\u00e9 au mariage \u2013 tout le monde a ador\u00e9 !<\/p>\n<cite>Craig &amp; Chloe, wedding drinks reception, La Rochebeaucourt, Dordogne, June 2024<\/cite><\/blockquote>\n\n\n\n<blockquote class=\"wp-block-quote is-layout-flow wp-block-quote-is-layout-flow\">\n<p>Pat \u00e9tait excellent - il a jou\u00e9 un bon choix de chansons et c'\u00e9tait un plaisir d'avoir \u00e0 notre f\u00eate. Il a eu un \u00e9norme succ\u00e8s aupr\u00e8s de toute la famille. Tr\u00e8s facile \u00e0 communiquer et une aubaine absolue pour deux heures de divertissement fantastique. Je le recommanderais pour n'importe quelle f\u00eate ou rassemblement. <\/p>\n<cite>Rebecca, 80th birthday party, La Rochebeaucourt, Dordogne, September 2023<\/cite><\/blockquote>\n\n\n\n<blockquote class=\"wp-block-quote is-layout-flow wp-block-quote-is-layout-flow\">\n<p>Un merci tardif d'avoir rendu notre f\u00eate encore plus sp\u00e9ciale avec votre belle musique. Tout le monde a dit \u00e0 quel point ils se sont amus\u00e9s. Nous serions ravis de vous recommander, et nous nous r\u00e9jouissons de vous voir jouer \u00e0 nouveau pour nous.<\/p>\n<cite>Meg &amp; Simon, summer garden party, Bourg-du-Bost, Dordogne, August 2023<\/cite><\/blockquote>\n\n\n\n<blockquote class=\"wp-block-quote is-layout-flow wp-block-quote-is-layout-flow\">\n<p>Un \u00e9norme merci \u00e0 tous d\u2019\u00eatre venu c\u00e9l\u00e9brer l\u2019inauguration de la brasserie. On esp\u00e8re que vous avez pass\u00e9 un moment agr\u00e9able. En tout cas, nous on a ador\u00e9 voir cette ambiance chaleureuse et conviviale, capter vos sourires et votre bonne humeur. Merci infiniment \u00e0 <a href=\"https:\/\/banish-misfortune.com\">Banish Misfortune<\/a>, qui nous ont fait danser pendant des heures au son de la musique traditionnelle irlandaise, c\u2019\u00e9tait le feu !! (N\u2019h\u00e9sitez pas \u00e0 les contacter pour vos \u00e9v\u00e8nements.)<\/p>\n<cite>La Burette, artisanal brewery opening, Brossac, Charente, 2023<\/cite><\/blockquote>\n\n\n\n<blockquote class=\"wp-block-quote is-layout-flow wp-block-quote-is-layout-flow\">\n<p>C'est juste un petit mot pour vous remercier encore une fois pour cette brillante soir\u00e9e. Malgr\u00e9 le temps, tout le monde a vraiment appr\u00e9ci\u00e9 la musique.<\/p>\n<cite>Phil, f\u00eate du 75e anniversaire, Lot-et-Garonne, 2023<\/cite><\/blockquote>\n\n\n\n<blockquote class=\"wp-block-quote is-layout-flow wp-block-quote-is-layout-flow\">\n<p>Merci mille fois pour tout ce que vous avez fait ce jour-l\u00e0 \u2013 vous avez absolument r\u00e9ussi ! Quand je suis entr\u00e9 dans la salle \u00e0 12h30 et que je vous ai entendu r\u00e9p\u00e9ter, j'ai \u00e9t\u00e9 \u00e9poustoufl\u00e9 par la qualit\u00e9 du son, et encore plus pendant la c\u00e9r\u00e9monie. Cela s'est pass\u00e9 exactement comme nous l'avions esp\u00e9r\u00e9, et nous ne vous remercierons jamais assez pour le travail que vous y avez consacr\u00e9. Je sais que certains morceaux \u00e9taient originaux et ne figuraient pas sur les listes de titres que vous nous avez envoy\u00e9s, donc vous auriez d\u00fb les apprendre \u00e0 partir de z\u00e9ro\u2026 Beaucoup de nos amis muso ont \u00e9t\u00e9 tout aussi impressionn\u00e9s.<\/p>\n<cite>Dominic &amp; Deirdre, wedding ceremony, Galway, November 2018<\/cite><\/blockquote>\n\n\n\n<blockquote class=\"wp-block-quote is-layout-flow wp-block-quote-is-layout-flow\">\n<p>Merci d'avoir apport\u00e9 une telle beaut\u00e9 \u00e0 notre c\u00e9r\u00e9monie de mariage. Vous avez \u00e9poustoufl\u00e9 tout le monde et vous faites toujours parler de vous au mariage. Nous n'aurions jamais imagin\u00e9 que vous auriez pu chanter et jouer avec autant d'\u00e9l\u00e9gance et de charme.<\/p>\n<cite>Sarah &amp; Bryan, wedding ceremony, Cork, June 2018<\/cite><\/blockquote>\n\n\n\n<blockquote class=\"wp-block-quote is-layout-flow wp-block-quote-is-layout-flow\">\n<p>Pat est un musicien extr\u00eamement talentueux et polyvalent, qui m'a surpris par sa capacit\u00e9 \u00e0 organiser un \u00e9v\u00e9nement. J'ai trouv\u00e9 Pat en ligne avant de quitter les \u00c9tats-Unis pour Galway, o\u00f9 j'avais pr\u00e9vu de demander ma petite amie en mariage. Il m'a sugg\u00e9r\u00e9 un excellent emplacement et m'a aid\u00e9 \u00e0 s\u00e9lectionner plusieurs chansons pour l'\u00e9v\u00e9nement. Pat a \u00e9t\u00e9 plus que sympathique tout au long du processus et a rapidement appris de nouvelles chansons. Le jour de la demande en mariage, il l'a fait sortir du parc, jouant de la bonne musique sous le temps irlandais de d\u00e9cembre ! Ma fianc\u00e9e et moi ch\u00e9rirons ces souvenirs pour toujours. Merci, Pat !<\/p>\n<cite>Bert, marriage proposal, Galway, December 2017<\/cite><\/blockquote>\n\n\n\n<blockquote class=\"wp-block-quote is-layout-flow wp-block-quote-is-layout-flow\">\n<p>Je voulais juste vous remercier beaucoup pour l'incroyable musique d'\u00e9glise. Cela a vraiment contribu\u00e9 \u00e0 rendre la c\u00e9r\u00e9monie sp\u00e9ciale. Vous nous avez fait monter les larmes aux yeux, \u00e0 Martin et \u00e0 moi-m\u00eame ! Je sais que je suis partial, mais c'\u00e9tait la plus belle musique de mariage que j'aie jamais entendue. Vous avez \u00e9t\u00e9 si accommodant en apprenant toutes nos chansons et si facile \u00e0 g\u00e9rer. Merci encore pour tout, nous ne saurions trop vous recommander.<\/p>\n<cite>R\u00f3is\u00edn &amp; Martin, wedding ceremony, Galway, October 2014<\/cite><\/blockquote>\n\n\n\n<blockquote class=\"wp-block-quote is-layout-flow wp-block-quote-is-layout-flow\"><\/blockquote>\n\n\n\n<p><\/p>","protected":false},"excerpt":{"rendered":"<p>Thanks for everything last week. We all loved the music \u2013 you guys were amazing. I have asked our wedding&hellip;<\/p>","protected":false},"author":1,"featured_media":0,"parent":0,"menu_order":0,"comment_status":"closed","ping_status":"closed","template":"","meta":{"footnotes":""},"class_list":["post-435","page","type-page","status-publish","hentry"],"_links":{"self":[{"href":"https:\/\/pathargan.com\/fr\/wp-json\/wp\/v2\/pages\/435","targetHints":{"allow":["GET"]}}],"collection":[{"href":"https:\/\/pathargan.com\/fr\/wp-json\/wp\/v2\/pages"}],"about":[{"href":"https:\/\/pathargan.com\/fr\/wp-json\/wp\/v2\/types\/page"}],"author":[{"embeddable":true,"href":"https:\/\/pathargan.com\/fr\/wp-json\/wp\/v2\/users\/1"}],"replies":[{"embeddable":true,"href":"https:\/\/pathargan.com\/fr\/wp-json\/wp\/v2\/comments?post=435"}],"version-history":[{"count":13,"href":"https:\/\/pathargan.com\/fr\/wp-json\/wp\/v2\/pages\/435\/revisions"}],"predecessor-version":[{"id":588,"href":"https:\/\/pathargan.com\/fr\/wp-json\/wp\/v2\/pages\/435\/revisions\/588"}],"wp:attachment":[{"href":"https:\/\/pathargan.com\/fr\/wp-json\/wp\/v2\/media?parent=435"}],"curies":[{"name":"wp","href":"https:\/\/api.w.org\/{rel}","templated":true}]}}