{"id":250,"date":"2021-06-21T20:24:35","date_gmt":"2021-06-21T18:24:35","guid":{"rendered":"http:\/\/pathargan.com\/?page_id=250"},"modified":"2025-02-26T10:57:56","modified_gmt":"2025-02-26T09:57:56","slug":"music-services","status":"publish","type":"page","link":"https:\/\/pathargan.com\/fr\/music-services\/","title":{"rendered":"Animations musicales"},"content":{"rendered":"<p>Je peux fournir de musique de diff\u00e9rentes sortes selon l\u2019occasion. Voici quelques suggestions, ou pourquoi pas me contacter pour discuter vos propres besoins ? <\/p>\n\n\n\n<h2 class=\"wp-block-heading\">Bar\/restaurant<\/h2>\n\n\n\n<p>Une musique d'ambiance relaxante pour un d\u00eener ou un set plus vif au bar. Mon r\u00e9pertoire est bas\u00e9 sur des chansons folk\/rock classiques des ann\u00e9es 1960 et 1970, par exemple Beatles, Stones, Kinks, Van Morrison, CCR, Elton John, Billy Joel, Cat Stevens, Rod Stewart, Bob Marley, Eagles, Queen, mais comprend \u00e9galement des airs de soul, de country et de blues ainsi que des chansons traditionnelles irlandaises et quelques originaux.<\/p>\n\n\n\n<figure class=\"wp-block-embed is-type-video is-provider-youtube wp-block-embed-youtube wp-embed-aspect-16-9 wp-has-aspect-ratio\"><div class=\"wp-block-embed__wrapper\">\n<iframe loading=\"lazy\" title=\"Pat Hargan, chanteur-guitariste\" width=\"688\" height=\"387\" src=\"https:\/\/www.youtube.com\/embed\/7iF6w14o9Ys?feature=oembed\" frameborder=\"0\" allow=\"accelerometer; autoplay; clipboard-write; encrypted-media; gyroscope; picture-in-picture; web-share\" referrerpolicy=\"strict-origin-when-cross-origin\" allowfullscreen><\/iframe>\n<\/div><\/figure>\n\n\n\n<h2 class=\"wp-block-heading\">\u00c9v\u00e8nements priv\u00e9s<\/h2>\n\n\n\n<p>De la musique pour un anniversaire sp\u00e9cial, un anniversaire, une r\u00e9union de famille ou une garden-party. Jetez un coup d'\u0153il \u00e0 la page <a href=\"https:\/\/pathargan.com\/fr\/testimonials\/\">Recommandations<\/a> pour voir ce que les clients pr\u00e9c\u00e9dents disent de moi.<\/p>\n\n\n\n<h2 class=\"wp-block-heading\">Mariages<\/h2>\n\n\n\n<p>De la guitare classique ou des chansons pour votre c\u00e9r\u00e9monie de mariage ou votre vin d'honneur ? Ou que diriez-vous d'un peu de musique traditionnelle irlandaise ? Si vous avez besoin d'aide pour choisir la bonne musique pour votre grand jour, je suis toujours heureux de vous aider. <\/p>\n\n\n\n<figure class=\"wp-block-embed is-type-video is-provider-youtube wp-block-embed-youtube wp-embed-aspect-16-9 wp-has-aspect-ratio\"><div class=\"wp-block-embed__wrapper\">\n<iframe loading=\"lazy\" title=\"&#039;Jesu, Joy of Man&#039;s Desiring&#039; by Johann Sebastian Bach\" width=\"688\" height=\"387\" src=\"https:\/\/www.youtube.com\/embed\/aiyoZzyhFao?feature=oembed\" frameborder=\"0\" allow=\"accelerometer; autoplay; clipboard-write; encrypted-media; gyroscope; picture-in-picture; web-share\" referrerpolicy=\"strict-origin-when-cross-origin\" allowfullscreen><\/iframe>\n<\/div><\/figure>\n\n\n\n<h2 class=\"wp-block-heading\">Musique traditionnelle irlandaise<\/h2>\n\n\n\n<p>Si vous avez besoin de quelques musiciens trad pour animer votre \u00e9v\u00e9nement avec des gigues et des reels, mon groupe irlandais <a href=\"http:\/\/banish-misfortune.com\">Banish Misfortune<\/a> se fera un plaisir de vous aider !<\/p>\n\n\n\n<figure class=\"wp-block-embed is-type-video is-provider-youtube wp-block-embed-youtube wp-embed-aspect-16-9 wp-has-aspect-ratio\"><div class=\"wp-block-embed__wrapper\">\n<iframe loading=\"lazy\" title=\"Banish Misfortune, Irish traditional music in south-west France\" width=\"688\" height=\"387\" src=\"https:\/\/www.youtube.com\/embed\/jew4rUY33t8?feature=oembed\" frameborder=\"0\" allow=\"accelerometer; autoplay; clipboard-write; encrypted-media; gyroscope; picture-in-picture; web-share\" referrerpolicy=\"strict-origin-when-cross-origin\" allowfullscreen><\/iframe>\n<\/div><\/figure>\n\n\n\n<div class=\"wp-block-columns is-layout-flex wp-container-core-columns-is-layout-9d6595d7 wp-block-columns-is-layout-flex\">\n<div class=\"wp-block-column is-layout-flow wp-block-column-is-layout-flow\"><\/div>\n<\/div>\n\n\n\n<div style=\"height:100px\" aria-hidden=\"true\" class=\"wp-block-spacer\"><\/div>\n\n\n\n<p><\/p>","protected":false},"excerpt":{"rendered":"<p>I can provide different kinds of music for different kinds of event. Here are a few suggestions, or why not&hellip;<\/p>","protected":false},"author":1,"featured_media":0,"parent":0,"menu_order":0,"comment_status":"closed","ping_status":"closed","template":"","meta":{"footnotes":""},"class_list":["post-250","page","type-page","status-publish","hentry"],"_links":{"self":[{"href":"https:\/\/pathargan.com\/fr\/wp-json\/wp\/v2\/pages\/250","targetHints":{"allow":["GET"]}}],"collection":[{"href":"https:\/\/pathargan.com\/fr\/wp-json\/wp\/v2\/pages"}],"about":[{"href":"https:\/\/pathargan.com\/fr\/wp-json\/wp\/v2\/types\/page"}],"author":[{"embeddable":true,"href":"https:\/\/pathargan.com\/fr\/wp-json\/wp\/v2\/users\/1"}],"replies":[{"embeddable":true,"href":"https:\/\/pathargan.com\/fr\/wp-json\/wp\/v2\/comments?post=250"}],"version-history":[{"count":40,"href":"https:\/\/pathargan.com\/fr\/wp-json\/wp\/v2\/pages\/250\/revisions"}],"predecessor-version":[{"id":571,"href":"https:\/\/pathargan.com\/fr\/wp-json\/wp\/v2\/pages\/250\/revisions\/571"}],"wp:attachment":[{"href":"https:\/\/pathargan.com\/fr\/wp-json\/wp\/v2\/media?parent=250"}],"curies":[{"name":"wp","href":"https:\/\/api.w.org\/{rel}","templated":true}]}}