{"id":108,"date":"2020-12-24T20:24:47","date_gmt":"2020-12-24T20:24:47","guid":{"rendered":"http:\/\/pathargan.com\/?page_id=108"},"modified":"2024-02-10T13:14:08","modified_gmt":"2024-02-10T12:14:08","slug":"bio","status":"publish","type":"page","link":"https:\/\/pathargan.com\/fr\/bio\/","title":{"rendered":"Biographie"},"content":{"rendered":"<p>Pat Hargan est un chanteur et guitariste bas\u00e9 dans le d\u00e9partement de la Dordogne, dans le sud-ouest de la France. Avant de s'installer en France en 2021, il a v\u00e9cu \u00e0 Galway, dans l'ouest de l'Irlande, o\u00f9 il s'est produit avec une grande vari\u00e9t\u00e9 de musiciens et de groupes, dans des styles allant de la musique traditionnelle et folklorique au rock et \u00e0 la country. Son exp\u00e9rience professionnelle comprend des concerts et des festivals, des mariages et des fun\u00e9railles, des com\u00e9dies musicales et des spectacles sur sc\u00e8ne, des sessions d'enregistrement et des tourn\u00e9es internationales.<\/p>\n\n\n\n<p>L'aventure musicale de Pat a commenc\u00e9 d\u00e8s l'enfance, lorsque, en tant que choriste, il a particip\u00e9 \u00e0 des tourn\u00e9es de concerts dans plusieurs pays europ\u00e9ens. Il prend des cours de fl\u00fbte \u00e0 bec et de violon avant de tomber sous le charme de la guitare. Apr\u00e8s avoir \u00e9tudi\u00e9 les lettres classiques \u00e0 Oxford, Pat a pass\u00e9 quelques ann\u00e9es \u00e0 Londres avant de s'installer en Irlande en 2001. Il a pass\u00e9 un an \u00e0 \u00e9tudier la technologie musicale \u00e0 l'Universit\u00e9 de Limerick.<\/p>\n\n\n\n<p>Le r\u00e9pertoire de chansons de Pat est bas\u00e9 sur les chansons folkloriques et rock classiques des ann\u00e9es 1960 et 1970, mais comprend \u00e9galement ses propres compositions originales, des chansons traditionnelles, du country et du blues, ainsi que des chansons fran\u00e7aises. Bien qu'il se produise principalement en tant que chanteur et guitariste (avec harmonica), il joue \u00e9galement du banjo t\u00e9nor dans le cadre du groupe trad irlandais <a href=\"https:\/\/banish-misfortune.com\/\"><strong>Banish Misfortune<\/strong><\/a>.<\/p>\n\n\n\n<p>Pat est titulaire d'un dipl\u00f4me en enseignement de la guitare et enseigne la guitare en priv\u00e9 et en ligne \u00e0 l'\u00e9cole de musique d'Athenry en Irlande. Il a \u00e9galement enseign\u00e9 le banjo traditionnel avec Comhaltas Ceolt\u00f3ir\u00ed na h\u00c9ireann.<\/p>\n\n\n<div id=\"metaslider-id-296\" style=\"width: 100%;\" class=\"ml-slider-3-107-0 metaslider metaslider-flex metaslider-296 ml-slider has-dots-nav ms-theme-default\" role=\"region\" aria-label=\"artiste de th\u00e9\u00e2tre\" data-height=\"600\" data-width=\"800\">\n    <div id=\"metaslider_container_296\">\n        <div id=\"metaslider_296\">\n            <ul class='slides'>\n                <li style=\"display: block; width: 100%;\" class=\"slide-297 ms-image\" aria-roledescription=\"slide\" data-date=\"2021-06-22 11:11:50\" data-filename=\"DSC_9090-crop-800x600.jpeg\" data-slide-type=\"image\"><img loading=\"lazy\" decoding=\"async\" src=\"https:\/\/pathargan.com\/wp-content\/uploads\/2021\/03\/DSC_9090-crop-800x600.jpeg\" height=\"600\" width=\"800\" alt=\"\" class=\"slider-296 slide-297 msDefaultImage\" title=\"DSC_9090 crop\" \/><div class=\"caption-wrap\"><div class=\"caption\">Redemption Falls de Moonfish au Th\u00e9\u00e2tre de l'Abbaye, Dublin, 2019<\/div><\/div><\/li>\n                <li style=\"display: none; width: 100%;\" class=\"slide-300 ms-image\" aria-roledescription=\"slide\" data-date=\"2021-06-22 11:11:50\" data-filename=\"redemption-falls-1-689x517.jpg\" data-slide-type=\"image\"><img loading=\"lazy\" decoding=\"async\" src=\"https:\/\/pathargan.com\/wp-content\/uploads\/2020\/12\/redemption-falls-1-689x517.jpg\" height=\"600\" width=\"800\" alt=\"\" class=\"slider-296 slide-300 msDefaultImage\" title=\"redemption falls 1\" \/><div class=\"caption-wrap\"><div class=\"caption\">Redemption Falls de Moonfish au Th\u00e9\u00e2tre de l'Abbaye, Dublin, 2019<\/div><\/div><\/li>\n                <li style=\"display: none; width: 100%;\" class=\"slide-299 ms-image\" aria-roledescription=\"slide\" data-date=\"2021-06-22 11:11:50\" data-filename=\"Redemption-Falls-Moonfish-Theatre-3-scaled-800x600.jpg\" data-slide-type=\"image\"><img loading=\"lazy\" decoding=\"async\" src=\"https:\/\/pathargan.com\/wp-content\/uploads\/2021\/03\/Redemption-Falls-Moonfish-Theatre-3-scaled-800x600.jpg\" height=\"600\" width=\"800\" alt=\"\" class=\"slider-296 slide-299 msDefaultImage\" title=\"Redemption Falls - Moonfish Theatre (3)\" \/><div class=\"caption-wrap\"><div class=\"caption\">Redemption Falls de Moonfish au Festival international des arts de Galway, 2019<\/div><\/div><\/li>\n                <li style=\"display: none; width: 100%;\" class=\"slide-298 ms-image\" aria-roledescription=\"slide\" data-date=\"2021-06-22 11:11:50\" data-filename=\"DSC_9183-edit-800x600.jpeg\" data-slide-type=\"image\"><img loading=\"lazy\" decoding=\"async\" src=\"https:\/\/pathargan.com\/wp-content\/uploads\/2021\/03\/DSC_9183-edit-800x600.jpeg\" height=\"600\" width=\"800\" alt=\"\" class=\"slider-296 slide-298 msDefaultImage\" title=\"DSC_9183 edit\" \/><div class=\"caption-wrap\"><div class=\"caption\">Redemption Falls de Moonfish au Th\u00e9\u00e2tre de l'Abbaye, Dublin, 2019<\/div><\/div><\/li>\n                <li style=\"display: none; width: 100%;\" class=\"slide-302 ms-image\" aria-roledescription=\"slide\" data-date=\"2021-06-22 11:11:50\" data-filename=\"redemption-falls-2-689x517.jpg\" data-slide-type=\"image\"><img loading=\"lazy\" decoding=\"async\" src=\"https:\/\/pathargan.com\/wp-content\/uploads\/2020\/12\/redemption-falls-2-689x517.jpg\" height=\"600\" width=\"800\" alt=\"\" class=\"slider-296 slide-302 msDefaultImage\" title=\"redemption falls 2\" \/><div class=\"caption-wrap\"><div class=\"caption\">Redemption Falls de Moonfish au Festival international des arts de Galway, 2019<\/div><\/div><\/li>\n                <li style=\"display: none; width: 100%;\" class=\"slide-303 ms-image\" aria-roledescription=\"slide\" data-date=\"2021-06-22 11:11:51\" data-filename=\"The-Snowman-concert-crop-800x600.jpeg\" data-slide-type=\"image\"><img loading=\"lazy\" decoding=\"async\" src=\"https:\/\/pathargan.com\/wp-content\/uploads\/2020\/12\/The-Snowman-concert-crop-800x600.jpeg\" height=\"600\" width=\"800\" alt=\"\" class=\"slider-296 slide-303 msDefaultImage\" title=\"The Snowman concert crop\" \/><div class=\"caption-wrap\"><div class=\"caption\">Interpr\u00e9tant 'The Snowman' avec le Quatuor Contempo, Town Hall Theatre Galway, 2016<\/div><\/div><\/li>\n                <li style=\"display: none; width: 100%;\" class=\"slide-305 ms-image\" aria-roledescription=\"slide\" data-date=\"2021-06-22 11:11:51\" data-filename=\"Redemption-Falls-rehearsal-800x600.jpg\" data-slide-type=\"image\"><img loading=\"lazy\" decoding=\"async\" src=\"https:\/\/pathargan.com\/wp-content\/uploads\/2020\/12\/Redemption-Falls-rehearsal-800x600.jpg\" height=\"600\" width=\"800\" alt=\"\" class=\"slider-296 slide-305 msDefaultImage\" title=\"Redemption Falls rehearsal\" \/><div class=\"caption-wrap\"><div class=\"caption\">Faisant des arrangements pour Redemption Falls, Galway, 2019<\/div><\/div><\/li>\n                <li style=\"display: none; width: 100%;\" class=\"slide-301 ms-image\" aria-roledescription=\"slide\" data-date=\"2021-06-22 11:11:50\" data-filename=\"Twas-the-night-2-scaled-800x600.jpg\" data-slide-type=\"image\"><img loading=\"lazy\" decoding=\"async\" src=\"https:\/\/pathargan.com\/wp-content\/uploads\/2020\/12\/Twas-the-night-2-scaled-800x600.jpg\" height=\"600\" width=\"800\" alt=\"\" class=\"slider-296 slide-301 msDefaultImage\" title=\"Twas the night 2\" \/><div class=\"caption-wrap\"><div class=\"caption\">Twas the Night Before Christmas de Branar, Town Hall Theatre Galway, 2014<\/div><\/div><\/li>\n            <\/ul>\n        <\/div>\n        \n    <\/div>\n<\/div>\n\n\n\n<p><\/p>\n\n\n\n<h3 class=\"wp-block-heading\">PROJETS ANT\u00c9RIEURS<\/h3>\n\n\n\n<h5 class=\"wp-block-heading\"><a href=\"https:\/\/moonfishtheatre.com\/\">Moonfish Theatre<\/a><\/h5>\n\n\n\n<p>Pat \u00e9tait concepteur sonore sur la production de Moonfish <em><a href=\"https:\/\/moonfishtheatre.com\/productions\/star-of-the-sea\">Star of the Sea<\/a><\/em>, dont deux tourn\u00e9es en Irlande et une aux \u00c9tats-Unis. Il a coproduit le CD avec la musique du spectacle, sur lequel il a \u00e9galement jou\u00e9 et fait des arrangements musicaux.<\/p>\n\n\n\n<p>En 2019, il s'est produit au Festival international des arts de Galway et \u00e0 l'Abbey Theatre de Dublin, dans le spectacle suivant <em><a href=\"https:\/\/moonfishtheatre.com\/productions\/redemption-falls\">Redemption Falls<\/a><\/em>, dont il a particip\u00e9 \u00e0 la cr\u00e9ation collaborative avec les autres acteurs. <\/p>\n\n\n\n<h5 class=\"wp-block-heading\"><a href=\"https:\/\/branar.ie\/en\">Branar<\/a><\/h5>\n\n\n\n<p>Pat \u00e9tait com\u00e9dien et musicien lors d'une tourn\u00e9e irlandaise de <em><a href=\"https:\/\/branar.ie\/en\/shows\/twas-the-night-before-christmas\">&#8216;Twas the Night Before Christmas<\/a><\/em>, et a jou\u00e9 de la guitare lors de tourn\u00e9es irlandaises et galloises de <em><a href=\"https:\/\/branar.ie\/en\/shows\/clann-lir\">Clann Lir<\/a><\/em>.<\/p>\n\n\n\n<h5 class=\"wp-block-heading\"><a href=\"https:\/\/www.youtube.com\/@Tradioheadtheband\">Tradiohead<\/a><\/h5>\n\n\n\n<p>Pat \u00e9tait membre de ce groupe de crossover trad-prog tr\u00e8s appr\u00e9ci\u00e9, qui r\u00e9inventait les chansons de Radiohead \u00e0 travers le prisme de la musique traditionnelle irlandaise. Le groupe se produit r\u00e9guli\u00e8rement \u00e0 Galway et \u00e0 Dublin, et fait deux apparitions au festival Electric Picnic.<\/p>\n\n\n\n<h5 class=\"wp-block-heading\">Lasairfh\u00edona N\u00ed Chonaola<\/h5>\n\n\n\n<p>Pat a jou\u00e9 sur l\u2019album <em><a href=\"https:\/\/www.youtube.com\/playlist?list=OLAK5uy_k2PE3Grsp3LnI-2jBF8b-6CkJCciI8nJo\">An Raic\u00edn \u00c1lainn<\/a><\/em> de la chanteuse sean-n\u00f3s Lasairfh\u00edona N\u00ed Chonaola, aux c\u00f4t\u00e9s de musiciens irlandais aussi c\u00e9l\u00e8bres que M\u00e1ire Breatnach et Johnny 'Ringo' McDonagh.<\/p>\n\n\n<div id=\"metaslider-id-310\" style=\"width: 100%;\" class=\"ml-slider-3-107-0 metaslider metaslider-flex metaslider-310 ml-slider has-dots-nav ms-theme-default\" role=\"region\" aria-label=\"musicien\" data-height=\"600\" data-width=\"800\">\n    <div id=\"metaslider_container_310\">\n        <div id=\"metaslider_310\">\n            <ul class='slides'>\n                <li style=\"display: block; width: 100%;\" class=\"slide-321 ms-image\" aria-roledescription=\"slide\" data-date=\"2021-06-22 12:00:15\" data-filename=\"stage-159-scaled-e1609097503217-800x600.jpg\" data-slide-type=\"image\"><img loading=\"lazy\" decoding=\"async\" src=\"https:\/\/pathargan.com\/wp-content\/uploads\/2020\/12\/stage-159-scaled-e1609097503217-800x600.jpg\" height=\"600\" width=\"800\" alt=\"\" class=\"slider-310 slide-321 msDefaultImage\" title=\"stage-159\" \/><div class=\"caption-wrap\"><div class=\"caption\">The Bentley Boys, 2009<\/div><\/div><\/li>\n                <li style=\"display: none; width: 100%;\" class=\"slide-316 ms-image\" aria-roledescription=\"slide\" data-date=\"2021-06-22 11:48:26\" data-filename=\"banjo-man-edit-3-800x600.jpeg\" data-slide-type=\"image\"><img loading=\"lazy\" decoding=\"async\" src=\"https:\/\/pathargan.com\/wp-content\/uploads\/2020\/12\/banjo-man-edit-3-800x600.jpeg\" height=\"600\" width=\"800\" alt=\"\" class=\"slider-310 slide-316 msDefaultImage\" title=\"banjo man edit 3\" \/><div class=\"caption-wrap\"><div class=\"caption\">Kerry, Irlande, 2016<\/div><\/div><\/li>\n                <li style=\"display: none; width: 100%;\" class=\"slide-314 ms-image\" aria-roledescription=\"slide\" data-date=\"2021-06-22 11:35:32\" data-filename=\"dtta-1-533x400.jpg\" data-slide-type=\"image\"><img loading=\"lazy\" decoding=\"async\" src=\"https:\/\/pathargan.com\/wp-content\/uploads\/2020\/12\/dtta-1-533x400.jpg\" height=\"600\" width=\"800\" alt=\"\" class=\"slider-310 slide-314 msDefaultImage\" title=\"dtta 1\" \/><div class=\"caption-wrap\"><div class=\"caption\">Dancing Thru The Ages, Kowe\u00eft, 2006<\/div><\/div><\/li>\n                <li style=\"display: none; width: 100%;\" class=\"slide-325 ms-image\" aria-roledescription=\"slide\" data-date=\"2021-06-22 12:59:57\" data-filename=\"MG_4729-scaled-800x600.jpg\" data-slide-type=\"image\"><img loading=\"lazy\" decoding=\"async\" src=\"https:\/\/pathargan.com\/wp-content\/uploads\/2021\/06\/MG_4729-scaled-800x600.jpg\" height=\"600\" width=\"800\" alt=\"\" class=\"slider-310 slide-325 msDefaultImage\" title=\"_MG_4729\" \/><div class=\"caption-wrap\"><div class=\"caption\">Tradiohead, Galway, 2012<\/div><\/div><\/li>\n                <li style=\"display: none; width: 100%;\" class=\"slide-311 ms-image\" aria-roledescription=\"slide\" data-date=\"2021-06-22 11:33:14\" data-filename=\"With-Peter-Corry-540x405.jpg\" data-slide-type=\"image\"><img loading=\"lazy\" decoding=\"async\" src=\"https:\/\/pathargan.com\/wp-content\/uploads\/2020\/12\/With-Peter-Corry-540x405.jpg\" height=\"600\" width=\"800\" alt=\"\" class=\"slider-310 slide-311 msDefaultImage\" title=\"With-Peter-Corry\" \/><div class=\"caption-wrap\"><div class=\"caption\">En tourn\u00e9e avec Peter Corry aux Pays-Bas, 2015<\/div><\/div><\/li>\n                <li style=\"display: none; width: 100%;\" class=\"slide-315 ms-image\" aria-roledescription=\"slide\" data-date=\"2021-06-22 11:39:49\" data-filename=\"Big-Town-Folk-edit-scaled-800x600.jpeg\" data-slide-type=\"image\"><img loading=\"lazy\" decoding=\"async\" src=\"https:\/\/pathargan.com\/wp-content\/uploads\/2020\/12\/Big-Town-Folk-edit-scaled-800x600.jpeg\" height=\"600\" width=\"800\" alt=\"\" class=\"slider-310 slide-315 msDefaultImage\" title=\"Big Town Folk edit\" \/><div class=\"caption-wrap\"><div class=\"caption\">Big Town Folk sur le chemin \u00e0 Oman, 2013<\/div><\/div><\/li>\n                <li style=\"display: none; width: 100%;\" class=\"slide-332 ms-image\" aria-roledescription=\"slide\" data-date=\"2021-06-22 13:18:24\" data-filename=\"p-and-g-scaled-800x600.jpg\" data-slide-type=\"image\"><img loading=\"lazy\" decoding=\"async\" src=\"https:\/\/pathargan.com\/wp-content\/uploads\/2021\/06\/p-and-g-scaled-800x600.jpg\" height=\"600\" width=\"800\" alt=\"\" class=\"slider-310 slide-332 msDefaultImage\" title=\"p and g\" \/><div class=\"caption-wrap\"><div class=\"caption\">A Bird That Whistles, Galway, 2010<\/div><\/div><\/li>\n            <\/ul>\n        <\/div>\n        \n    <\/div>\n<\/div>","protected":false},"excerpt":{"rendered":"<p>Pat Hargan is a singer and guitarist based in the Dordogne department of southwest France. Before moving to France in&hellip;<\/p>","protected":false},"author":1,"featured_media":0,"parent":0,"menu_order":0,"comment_status":"closed","ping_status":"closed","template":"","meta":{"footnotes":""},"class_list":["post-108","page","type-page","status-publish","hentry"],"_links":{"self":[{"href":"https:\/\/pathargan.com\/fr\/wp-json\/wp\/v2\/pages\/108","targetHints":{"allow":["GET"]}}],"collection":[{"href":"https:\/\/pathargan.com\/fr\/wp-json\/wp\/v2\/pages"}],"about":[{"href":"https:\/\/pathargan.com\/fr\/wp-json\/wp\/v2\/types\/page"}],"author":[{"embeddable":true,"href":"https:\/\/pathargan.com\/fr\/wp-json\/wp\/v2\/users\/1"}],"replies":[{"embeddable":true,"href":"https:\/\/pathargan.com\/fr\/wp-json\/wp\/v2\/comments?post=108"}],"version-history":[{"count":22,"href":"https:\/\/pathargan.com\/fr\/wp-json\/wp\/v2\/pages\/108\/revisions"}],"predecessor-version":[{"id":457,"href":"https:\/\/pathargan.com\/fr\/wp-json\/wp\/v2\/pages\/108\/revisions\/457"}],"wp:attachment":[{"href":"https:\/\/pathargan.com\/fr\/wp-json\/wp\/v2\/media?parent=108"}],"curies":[{"name":"wp","href":"https:\/\/api.w.org\/{rel}","templated":true}]}}